{"id":5134,"date":"2024-04-23T11:22:05","date_gmt":"2024-04-23T11:22:05","guid":{"rendered":"https:\/\/jugendblaskapelle-parkstein.de\/?page_id=5134"},"modified":"2024-04-28T17:48:38","modified_gmt":"2024-04-28T17:48:38","slug":"ausbildungsangebot","status":"publish","type":"page","link":"https:\/\/jugendblaskapelle-parkstein.de\/index.php\/ausbildungsangebot\/","title":{"rendered":"Ausbildungsangebot"},"content":{"rendered":"\t\t<div data-elementor-type=\"wp-page\" data-elementor-id=\"5134\" class=\"elementor elementor-5134\">\n\t\t\t\t<div class=\"elementor-element elementor-element-e51615e e-flex e-con-boxed e-con e-parent\" data-id=\"e51615e\" data-element_type=\"container\">\n\t\t\t\t\t<div class=\"e-con-inner\">\n\t\t\t\t<div class=\"elementor-element elementor-element-07988e8 elementor-widget elementor-widget-heading\" data-id=\"07988e8\" data-element_type=\"widget\" data-widget_type=\"heading.default\">\n\t\t\t\t<div class=\"elementor-widget-container\">\n\t\t\t<h1 class=\"elementor-heading-title elementor-size-default\">Ausbildungsangebot<\/h1>\t\t<\/div>\n\t\t\t\t<\/div>\n\t\t\t\t<div class=\"elementor-element elementor-element-46420f7 elementor-widget elementor-widget-text-editor\" data-id=\"46420f7\" data-element_type=\"widget\" data-widget_type=\"text-editor.default\">\n\t\t\t\t<div class=\"elementor-widget-container\">\n\t\t\t\t\t\t\t<p><span style=\"background-color: #fbfbfb; color: black; text-align: var(--text-align); font-family: var(--bodyFont);\">Als Jugendblasorchester ist ein wichtiger Aspekt in unserer Vereinsarbeit die Ausbildung von Nachwuchsmusikerinnen und -musikern<\/span>.<\/p>\t\t\t\t\t\t<\/div>\n\t\t\t\t<\/div>\n\t\t\t\t<div class=\"elementor-element elementor-element-33454d5 elementor-widget-divider--view-line elementor-widget elementor-widget-divider\" data-id=\"33454d5\" data-element_type=\"widget\" data-widget_type=\"divider.default\">\n\t\t\t\t<div class=\"elementor-widget-container\">\n\t\t\t\t\t<div class=\"elementor-divider\">\n\t\t\t<span class=\"elementor-divider-separator\">\n\t\t\t\t\t\t<\/span>\n\t\t<\/div>\n\t\t\t\t<\/div>\n\t\t\t\t<\/div>\n\t\t\t\t\t<\/div>\n\t\t\t\t<\/div>\n\t\t<div class=\"elementor-element elementor-element-6c16811 e-flex e-con-boxed e-con e-parent\" data-id=\"6c16811\" data-element_type=\"container\">\n\t\t\t\t\t<div class=\"e-con-inner\">\n\t\t<div class=\"elementor-element elementor-element-c7942e6 e-con-full e-flex e-con e-child\" data-id=\"c7942e6\" data-element_type=\"container\">\n\t\t\t\t<div class=\"elementor-element elementor-element-0d3f11d elementor-widget__width-initial elementor-widget elementor-widget-heading\" data-id=\"0d3f11d\" data-element_type=\"widget\" data-widget_type=\"heading.default\">\n\t\t\t\t<div class=\"elementor-widget-container\">\n\t\t\t<h2 class=\"elementor-heading-title elementor-size-default\"><p class=\"MsoNormal\"><b><span style=\"color:black;background:#FBFBFB\">Holz- \/ Blechblasinstrumente und\nSchlagwerk<\/span><\/b><\/p>\n\n<\/h2>\t\t<\/div>\n\t\t\t\t<\/div>\n\t\t\t\t<div class=\"elementor-element elementor-element-5605c6d elementor-widget__width-initial elementor-widget elementor-widget-text-editor\" data-id=\"5605c6d\" data-element_type=\"widget\" data-widget_type=\"text-editor.default\">\n\t\t\t\t<div class=\"elementor-widget-container\">\n\t\t\t\t\t\t\t<p><span style=\"color: black; background: #FBFBFB;\">Interessierte k\u00f6nnen bei der Jugendblaskapelle Parkstein jedes Holz- und Blechblasinstrument sowie Schlagzeug erlernen. Die theoretische und praktische Ausbildung erfolgt durch studierte Musikerinnen und Musiker oder erfahrene Musikerinnen und Musiker des Vereins. Die Ausbildung findet im Benefizium in Parkstein statt.<\/span><\/p><p><span style=\"color: black; background: #FBFBFB;\">Nach erfolgter Grundausbildung werden die Sch\u00fclerinnen und Sch\u00fcler schnell in das Hauptorchester oder individuell zusammengestellte Ensembles integriert, um m\u00f6glichst fr\u00fchzeitig Erfahrungen im Zusammenspiel mit anderen Musikerinnen und Musikern sammeln zu k\u00f6nnen.<\/span><\/p><p><span style=\"color: black; background: #FBFBFB;\">Au\u00dferdem k\u00f6nnen die vom Dachverband &#8220;Nordbayerischer Musikbund&#8221; zu vergebenden Leistungsabzeichen in Bronze, Silber oder Gold\u00a0 erworben werden. Auch hier wird die ben\u00f6tigte Theorie- und Praxisausbildung von Seiten der Jugendblaskapelle durchgef\u00fchrt.<\/span><\/p><p><span style=\"background-color: #fbfbfb; color: black; text-align: var(--text-align); font-family: var(--bodyFont);\">Folgende Instrumente k\u00f6nnen bei uns in erster Linie erlernt werden:<\/span><\/p><ul><li><!-- [if !supportLists]--><span style=\"color: black; background: #FBFBFB;\">Tenorhorn \/ <\/span><!-- [if !supportLists]--><span style=\"color: black; background: #FBFBFB;\">Bariton<\/span><\/li><li><!-- [if !supportLists]--><span style=\"color: black; background: #FBFBFB;\">Posaune<\/span><\/li><li><!-- [if !supportLists]--><span style=\"color: black; background: #FBFBFB;\">Tuba<\/span><\/li><li><!-- [if !supportLists]--><span style=\"color: black; background: #FBFBFB;\">Fl\u00fcgelhorn\/Trompete<\/span><\/li><li>Klarinette<\/li><li>Saxophon<\/li><li>Querfl\u00f6te<\/li><li>Schlagzeug<\/li><\/ul>\t\t\t\t\t\t<\/div>\n\t\t\t\t<\/div>\n\t\t\t\t<\/div>\n\t\t<div class=\"elementor-element elementor-element-99d3e59 e-con-full e-flex e-con e-child\" data-id=\"99d3e59\" data-element_type=\"container\">\n\t\t\t\t<div class=\"elementor-element elementor-element-900dce6 elementor-widget elementor-widget-image\" data-id=\"900dce6\" data-element_type=\"widget\" data-widget_type=\"image.default\">\n\t\t\t\t<div class=\"elementor-widget-container\">\n\t\t\t\t\t\t\t\t\t\t\t\t\t<img fetchpriority=\"high\" decoding=\"async\" width=\"596\" height=\"1024\" src=\"https:\/\/jugendblaskapelle-parkstein.de\/wp-content\/uploads\/2024\/04\/IMG_0796-scaled-e1713902625458-596x1024.jpg\" class=\"attachment-large size-large wp-image-5233\" alt=\"\" srcset=\"https:\/\/jugendblaskapelle-parkstein.de\/wp-content\/uploads\/2024\/04\/IMG_0796-scaled-e1713902625458-596x1024.jpg 596w, https:\/\/jugendblaskapelle-parkstein.de\/wp-content\/uploads\/2024\/04\/IMG_0796-scaled-e1713902625458-175x300.jpg 175w, https:\/\/jugendblaskapelle-parkstein.de\/wp-content\/uploads\/2024\/04\/IMG_0796-scaled-e1713902625458-768x1320.jpg 768w, https:\/\/jugendblaskapelle-parkstein.de\/wp-content\/uploads\/2024\/04\/IMG_0796-scaled-e1713902625458-894x1536.jpg 894w, https:\/\/jugendblaskapelle-parkstein.de\/wp-content\/uploads\/2024\/04\/IMG_0796-scaled-e1713902625458.jpg 1117w\" sizes=\"(max-width: 596px) 100vw, 596px\" \/>\t\t\t\t\t\t\t\t\t\t\t\t\t<\/div>\n\t\t\t\t<\/div>\n\t\t\t\t<\/div>\n\t\t\t\t\t<\/div>\n\t\t\t\t<\/div>\n\t\t<div class=\"elementor-element elementor-element-ccfff4b e-flex e-con-boxed e-con e-parent\" data-id=\"ccfff4b\" data-element_type=\"container\">\n\t\t\t\t\t<div class=\"e-con-inner\">\n\t\t\t\t<div class=\"elementor-element elementor-element-0695304 elementor-widget-divider--view-line elementor-widget elementor-widget-divider\" data-id=\"0695304\" data-element_type=\"widget\" data-widget_type=\"divider.default\">\n\t\t\t\t<div class=\"elementor-widget-container\">\n\t\t\t\t\t<div class=\"elementor-divider\">\n\t\t\t<span class=\"elementor-divider-separator\">\n\t\t\t\t\t\t<\/span>\n\t\t<\/div>\n\t\t\t\t<\/div>\n\t\t\t\t<\/div>\n\t\t\t\t\t<\/div>\n\t\t\t\t<\/div>\n\t\t<div class=\"elementor-element elementor-element-348c7cc e-flex e-con-boxed e-con e-parent\" data-id=\"348c7cc\" data-element_type=\"container\">\n\t\t\t\t\t<div class=\"e-con-inner\">\n\t\t<div class=\"elementor-element elementor-element-dbd77a9 e-con-full e-flex e-con e-child\" data-id=\"dbd77a9\" data-element_type=\"container\">\n\t\t\t\t<div class=\"elementor-element elementor-element-b2b7608 elementor-widget elementor-widget-image\" data-id=\"b2b7608\" data-element_type=\"widget\" data-widget_type=\"image.default\">\n\t\t\t\t<div class=\"elementor-widget-container\">\n\t\t\t\t\t\t\t\t\t\t\t\t\t<img decoding=\"async\" width=\"640\" height=\"361\" src=\"https:\/\/jugendblaskapelle-parkstein.de\/wp-content\/uploads\/2024\/04\/IMAG2331-1024x577.jpg\" class=\"attachment-large size-large wp-image-5239\" alt=\"\" srcset=\"https:\/\/jugendblaskapelle-parkstein.de\/wp-content\/uploads\/2024\/04\/IMAG2331-1024x577.jpg 1024w, https:\/\/jugendblaskapelle-parkstein.de\/wp-content\/uploads\/2024\/04\/IMAG2331-300x169.jpg 300w, https:\/\/jugendblaskapelle-parkstein.de\/wp-content\/uploads\/2024\/04\/IMAG2331-768x433.jpg 768w, https:\/\/jugendblaskapelle-parkstein.de\/wp-content\/uploads\/2024\/04\/IMAG2331-1536x866.jpg 1536w, https:\/\/jugendblaskapelle-parkstein.de\/wp-content\/uploads\/2024\/04\/IMAG2331-2048x1155.jpg 2048w, https:\/\/jugendblaskapelle-parkstein.de\/wp-content\/uploads\/2024\/04\/IMAG2331-488x276.jpg 488w\" sizes=\"(max-width: 640px) 100vw, 640px\" \/>\t\t\t\t\t\t\t\t\t\t\t\t\t<\/div>\n\t\t\t\t<\/div>\n\t\t\t\t<\/div>\n\t\t<div class=\"elementor-element elementor-element-22d2219 e-con-full e-flex e-con e-child\" data-id=\"22d2219\" data-element_type=\"container\">\n\t\t\t\t<div class=\"elementor-element elementor-element-02393f7 elementor-widget elementor-widget-heading\" data-id=\"02393f7\" data-element_type=\"widget\" data-widget_type=\"heading.default\">\n\t\t\t\t<div class=\"elementor-widget-container\">\n\t\t\t<h2 class=\"elementor-heading-title elementor-size-default\"><p class=\"MsoNormal\"><b><span style=\"color:black;background:#FBFBFB\">Musikalische Fr\u00fcherziehung<\/span><\/b><\/p>\n\n<\/h2>\t\t<\/div>\n\t\t\t\t<\/div>\n\t\t\t\t<div class=\"elementor-element elementor-element-8171b50 elementor-widget elementor-widget-text-editor\" data-id=\"8171b50\" data-element_type=\"widget\" data-widget_type=\"text-editor.default\">\n\t\t\t\t<div class=\"elementor-widget-container\">\n\t\t\t\t\t\t\t<p class=\"MsoNormal\"><span style=\"color: black; background: #FBFBFB;\">Die musikalische Fr\u00fcherziehung bietet Kindern im Alter von 4 bis 6 Jahren die M\u00f6glichkeit, in die fantastische und vielseitige Welt der Musik einzutauchen.<\/span><\/p>\n<p class=\"MsoNormal\"><\/p>\n<p class=\"MsoNormal\"><span style=\"color: black; background: #FBFBFB;\">Neben dem Musizieren auf elementaren Instrumenten, Singen, Sprechen, Bewegen und Tanzen,\nstehen auch das Kennenlernen verschiedener Instrumente und musikalischer Grundbegriffe im Vordergrund.<\/span><\/p>\t\t\t\t\t\t<\/div>\n\t\t\t\t<\/div>\n\t\t\t\t<\/div>\n\t\t\t\t\t<\/div>\n\t\t\t\t<\/div>\n\t\t<div class=\"elementor-element elementor-element-714d739 e-flex e-con-boxed e-con e-parent\" data-id=\"714d739\" data-element_type=\"container\">\n\t\t\t\t\t<div class=\"e-con-inner\">\n\t\t\t\t<div class=\"elementor-element elementor-element-780eac5 elementor-widget-divider--view-line elementor-widget elementor-widget-divider\" data-id=\"780eac5\" data-element_type=\"widget\" data-widget_type=\"divider.default\">\n\t\t\t\t<div class=\"elementor-widget-container\">\n\t\t\t\t\t<div class=\"elementor-divider\">\n\t\t\t<span class=\"elementor-divider-separator\">\n\t\t\t\t\t\t<\/span>\n\t\t<\/div>\n\t\t\t\t<\/div>\n\t\t\t\t<\/div>\n\t\t\t\t\t<\/div>\n\t\t\t\t<\/div>\n\t\t<div class=\"elementor-element elementor-element-b19f0d6 e-flex e-con-boxed e-con e-parent\" data-id=\"b19f0d6\" data-element_type=\"container\">\n\t\t\t\t\t<div class=\"e-con-inner\">\n\t\t<div class=\"elementor-element elementor-element-e79bf57 e-con-full e-flex e-con e-child\" data-id=\"e79bf57\" data-element_type=\"container\">\n\t\t\t\t<div class=\"elementor-element elementor-element-9050c17 elementor-widget elementor-widget-heading\" data-id=\"9050c17\" data-element_type=\"widget\" data-widget_type=\"heading.default\">\n\t\t\t\t<div class=\"elementor-widget-container\">\n\t\t\t<h2 class=\"elementor-heading-title elementor-size-default\">Blockfl\u00f6te<\/h2>\t\t<\/div>\n\t\t\t\t<\/div>\n\t\t\t\t<div class=\"elementor-element elementor-element-c87ea8f elementor-widget elementor-widget-text-editor\" data-id=\"c87ea8f\" data-element_type=\"widget\" data-widget_type=\"text-editor.default\">\n\t\t\t\t<div class=\"elementor-widget-container\">\n\t\t\t\t\t\t\t<p><span style=\"color: black; background: #FBFBFB;\">Der Fl\u00f6tenunterricht bei der Jugendblaskapelle ist eine prima M\u00f6glichkeit, Kinder in Kontakt mit einem Instrument als musikalisches Ausdrucksmittel zu bringen. <\/span><\/p><p><span style=\"color: black; background: #FBFBFB;\">Die Kinder<\/span><\/p><ul><li><span style=\"background-color: #fbfbfb; color: black; text-indent: -18pt; text-align: var(--text-align); font-family: var(--bodyFont);\">lernen Noten kennen,<\/span><\/li><li>entwickeln ihr Rhythmusgef\u00fchl weiter und<\/li><li>trainieren die Motorik der Finger.<\/li><\/ul>\t\t\t\t\t\t<\/div>\n\t\t\t\t<\/div>\n\t\t\t\t<\/div>\n\t\t<div class=\"elementor-element elementor-element-ec35cfc e-con-full e-flex e-con e-child\" data-id=\"ec35cfc\" data-element_type=\"container\">\n\t\t\t\t<div class=\"elementor-element elementor-element-c4eed4f elementor-widget elementor-widget-image\" data-id=\"c4eed4f\" data-element_type=\"widget\" data-widget_type=\"image.default\">\n\t\t\t\t<div class=\"elementor-widget-container\">\n\t\t\t\t\t\t\t\t\t\t\t\t\t<img decoding=\"async\" width=\"380\" height=\"361\" src=\"https:\/\/jugendblaskapelle-parkstein.de\/wp-content\/uploads\/2024\/04\/blockfloete-e1713904038728.png\" class=\"attachment-large size-large wp-image-5143\" alt=\"\" srcset=\"https:\/\/jugendblaskapelle-parkstein.de\/wp-content\/uploads\/2024\/04\/blockfloete-e1713904038728.png 380w, https:\/\/jugendblaskapelle-parkstein.de\/wp-content\/uploads\/2024\/04\/blockfloete-e1713904038728-300x285.png 300w\" sizes=\"(max-width: 380px) 100vw, 380px\" \/>\t\t\t\t\t\t\t\t\t\t\t\t\t<\/div>\n\t\t\t\t<\/div>\n\t\t\t\t<\/div>\n\t\t\t\t\t<\/div>\n\t\t\t\t<\/div>\n\t\t<div class=\"elementor-element elementor-element-a7a4a66 e-flex e-con-boxed e-con e-parent\" data-id=\"a7a4a66\" data-element_type=\"container\">\n\t\t\t\t\t<div class=\"e-con-inner\">\n\t\t\t\t<div class=\"elementor-element elementor-element-30db178 elementor-widget-divider--view-line elementor-widget elementor-widget-divider\" data-id=\"30db178\" data-element_type=\"widget\" data-widget_type=\"divider.default\">\n\t\t\t\t<div class=\"elementor-widget-container\">\n\t\t\t\t\t<div class=\"elementor-divider\">\n\t\t\t<span class=\"elementor-divider-separator\">\n\t\t\t\t\t\t<\/span>\n\t\t<\/div>\n\t\t\t\t<\/div>\n\t\t\t\t<\/div>\n\t\t\t\t\t<\/div>\n\t\t\t\t<\/div>\n\t\t<div class=\"elementor-element elementor-element-aaa9f09 e-flex e-con-boxed e-con e-parent\" data-id=\"aaa9f09\" data-element_type=\"container\">\n\t\t\t\t\t<div class=\"e-con-inner\">\n\t\t\t\t<div class=\"elementor-element elementor-element-fead24e elementor-widget elementor-widget-heading\" data-id=\"fead24e\" data-element_type=\"widget\" data-widget_type=\"heading.default\">\n\t\t\t\t<div class=\"elementor-widget-container\">\n\t\t\t<h2 class=\"elementor-heading-title elementor-size-default\">Anmeldung<\/h2>\t\t<\/div>\n\t\t\t\t<\/div>\n\t\t\t\t<div class=\"elementor-element elementor-element-3ace893 elementor-widget elementor-widget-text-editor\" data-id=\"3ace893\" data-element_type=\"widget\" data-widget_type=\"text-editor.default\">\n\t\t\t\t<div class=\"elementor-widget-container\">\n\t\t\t\t\t\t\t<p class=\"MsoNormal\"><span style=\"color: black; background: #FBFBFB;\">Anmeldungen werden zentral unter <\/span><a href=\"mailto:dirigent@jugendblaskapelle-parkstein.de\"><span style=\"background: #FBFBFB;\">dirigent@jugendblaskapelle-parkstein.de<\/span><\/a><span style=\"color: black; background: #FBFBFB;\"> von dem musikalischen Leiter, Alfons Steiner, entgegen genommen.\u00a0<\/span><\/p>\t\t\t\t\t\t<\/div>\n\t\t\t\t<\/div>\n\t\t\t\t\t<\/div>\n\t\t\t\t<\/div>\n\t\t\t\t<\/div>\n\t\t","protected":false},"excerpt":{"rendered":"<p>Ausbildungsangebot Als Jugendblasorchester ist ein wichtiger Aspekt in unserer Vereinsarbeit die Ausbildung von Nachwuchsmusikerinnen und -musikern. Holz- \/ Blechblasinstrumente und Schlagwerk Interessierte k\u00f6nnen bei der Jugendblaskapelle Parkstein jedes Holz- und&#8230;<\/p>\n","protected":false},"author":1,"featured_media":0,"parent":0,"menu_order":0,"comment_status":"closed","ping_status":"closed","template":"elementor_header_footer","meta":{"ngg_post_thumbnail":0,"footnotes":""},"class_list":["post-5134","page","type-page","status-publish","hentry"],"_links":{"self":[{"href":"https:\/\/jugendblaskapelle-parkstein.de\/index.php\/wp-json\/wp\/v2\/pages\/5134","targetHints":{"allow":["GET"]}}],"collection":[{"href":"https:\/\/jugendblaskapelle-parkstein.de\/index.php\/wp-json\/wp\/v2\/pages"}],"about":[{"href":"https:\/\/jugendblaskapelle-parkstein.de\/index.php\/wp-json\/wp\/v2\/types\/page"}],"author":[{"embeddable":true,"href":"https:\/\/jugendblaskapelle-parkstein.de\/index.php\/wp-json\/wp\/v2\/users\/1"}],"replies":[{"embeddable":true,"href":"https:\/\/jugendblaskapelle-parkstein.de\/index.php\/wp-json\/wp\/v2\/comments?post=5134"}],"version-history":[{"count":38,"href":"https:\/\/jugendblaskapelle-parkstein.de\/index.php\/wp-json\/wp\/v2\/pages\/5134\/revisions"}],"predecessor-version":[{"id":5350,"href":"https:\/\/jugendblaskapelle-parkstein.de\/index.php\/wp-json\/wp\/v2\/pages\/5134\/revisions\/5350"}],"wp:attachment":[{"href":"https:\/\/jugendblaskapelle-parkstein.de\/index.php\/wp-json\/wp\/v2\/media?parent=5134"}],"curies":[{"name":"wp","href":"https:\/\/api.w.org\/{rel}","templated":true}]}}